{"id":2595,"date":"2023-09-19T13:30:40","date_gmt":"2023-09-19T11:30:40","guid":{"rendered":"https:\/\/ittester.sk\/biscuits\/"},"modified":"2025-01-10T16:21:00","modified_gmt":"2025-01-10T15:21:00","slug":"biscuits","status":"publish","type":"page","link":"https:\/\/ittester.sk\/fr\/biscuits\/","title":{"rendered":"Politique en mati\u00e8re de cookies"},"content":{"rendered":"\n<h1 class=\"wp-block-heading\">Politique d&rsquo;utilisation des cookies<\/h1>\n\n\n\n<h3 class=\"wp-block-heading\">Qu&rsquo;est-ce qu&rsquo;un cookie :<\/h3>\n\n\n\n<p>Un cookie est un petit fichier texte que les sites web enregistrent sur votre ordinateur personnel, t\u00e9l\u00e9phone ou autre appareil, et qui contient des informations sur votre activit\u00e9 sur ce site. Les cookies permettent et facilitent la navigation.<\/p>\n\n\n\n<p>L&rsquo;objectif de cette information est de vous fournir des d\u00e9tails sur les donn\u00e9es personnelles que nous traitons sous forme de cookies, la mani\u00e8re dont nous les utilisons, les finalit\u00e9s de leur utilisation, les destinataires \u00e9ventuels, ainsi que les moyens d&rsquo;obtenir des informations sur vos donn\u00e9es personnelles et d&rsquo;exercer vos droits en mati\u00e8re de protection des donn\u00e9es.<\/p>\n\n\n\n<h3 class=\"wp-block-heading\">Donn\u00e9es d&rsquo;identification et de contact :<\/h3>\n\n\n\n<p>Le responsable du traitement des cookies est la soci\u00e9t\u00e9 msg life Slovakia s.r.o., Hrani\u010dn\u00e1 18, 821 05 Bratislava, Num\u00e9ro d&rsquo;identification de l&rsquo;entreprise: 35800780, gdpr.sk@msg.group (ci-apr\u00e8s d\u00e9nomm\u00e9e \u00ab le responsable du traitement \u00bb).<\/p>\n\n\n\n<h2 class=\"wp-block-heading\">1. Utilisation des cookies<\/h2>\n\n\n\n<ul class=\"wp-block-list\">\n<li><em><strong>Comment nous utilisons les cookies :<\/strong><\/em><\/li>\n<\/ul>\n\n\n\n<p>Le responsable du traitement traite tous les cookies sur la base de l&rsquo;article 6, paragraphe 1, point a) du R\u00e8glement (UE) 2016\/679 du Parlement europ\u00e9en et du Conseil du 27 avril 2016 relatif \u00e0 la protection des personnes physiques \u00e0 l&rsquo;\u00e9gard du traitement des donn\u00e9es \u00e0 caract\u00e8re personnel et \u00e0 la libre circulation de ces donn\u00e9es, abrogeant la directive 95\/46\/CE (R\u00e8glement g\u00e9n\u00e9ral sur la protection des donn\u00e9es) (ci-apr\u00e8s d\u00e9nomm\u00e9 \u00ab le r\u00e8glement \u00bb).<br><br>Le responsable du traitement utilise plusieurs types de cookies, regroup\u00e9s sur ses sites web dans les cat\u00e9gories suivantes (selon les finalit\u00e9s) :<\/p>\n\n\n\n<p><em><strong>A. Cookies strictement n\u00e9cessaires (indispensables au bon fonctionnement du site web)<\/strong><\/em><\/p>\n\n\n\n<p>Ces cookies sont essentiels au bon fonctionnement du site web et \u00e0 l\u2019enregistrement de vos pr\u00e9f\u00e9rences en mati\u00e8re de consentement. Sans eux, le site ne pourrait pas \u00eatre correctement affich\u00e9.<\/p>\n\n\n\n<p><strong>Port\u00e9e des cookies strictement n\u00e9cessaires trait\u00e9s:<\/strong> identifiant unique de consentement, \u00e9tat du consentement, date et heure du consentement.<\/p>\n\n\n\n<figure class=\"wp-block-table\"><table class=\"has-fixed-layout\"><thead><tr><th>Nom du cookie<\/th><th>Description<\/th><th>\u00c9diteur<\/th><th>Dur\u00e9e de conservation<\/th><\/tr><\/thead><tbody><tr><td><strong>consent<\/strong><\/td><td>Stocke les informations sur le consentement de l&rsquo;utilisateur au traitement des cookies.<\/td><td>Consent<\/td><td>Dur\u00e9e de la session<\/td><\/tr><tr><td><strong>functionality_storage<\/strong><\/td><td>Stocke l&rsquo;\u00e9tat du consentement pour les cookies fonctionnels.<\/td><td>Google Consent<\/td><td>Dur\u00e9e de la session<\/td><\/tr><tr><td><strong>personalization_storage<\/strong><\/td><td>Permet le stockage li\u00e9 \u00e0 la personnalisation, par exemple les recommandations de vid\u00e9os.<\/td><td>Google Consent<\/td><td>Dur\u00e9e de la session<\/td><\/tr><tr><td><strong>analytics_storage<\/strong><\/td><td>Stocke l&rsquo;\u00e9tat du consentement pour les cookies analytiques.<\/td><td>Google Consent<\/td><td>Dur\u00e9e de la session<\/td><\/tr><tr><td><strong>ad_storage<\/strong><\/td><td>Stocke l&rsquo;\u00e9tat du consentement pour les cookies marketing.<\/td><td>Google Consent<\/td><td>Dur\u00e9e de la session<\/td><\/tr><tr><td><strong>ad_personalization<\/strong><\/td><td>Stocke l&rsquo;\u00e9tat du consentement pour la publicit\u00e9 personnalis\u00e9e.<\/td><td>Google Consent<\/td><td>Dur\u00e9e de la session<\/td><\/tr><tr><td><strong>ad_user_data<\/strong><\/td><td>Stocke l&rsquo;\u00e9tat du consentement \u00e0 la fourniture de donn\u00e9es utilisateur \u00e0 des fins publicitaires en ligne.<\/td><td>Google Consent<\/td><td>Dur\u00e9e de la session<\/td><\/tr><tr><td><strong>wp-wpml_current_language<\/strong><\/td><td>Ce cookie stocke l&rsquo;information sur la langue actuellement s\u00e9lectionn\u00e9e par l&rsquo;utilisateur sur le site.<\/td><td>&nbsp;<\/td><td>Dur\u00e9e de la session<\/td><\/tr><\/tbody><\/table><\/figure>\n\n\n\n<p><em><strong>B. Cookies fonctionnels<\/strong><\/em><\/p>\n\n\n\n<p>Ces cookies permettent davantage de fonctionnalit\u00e9s pour les visiteurs du site web. Ils peuvent \u00eatre d\u00e9finis par le responsable du traitement ou par des tiers.<\/p>\n\n\n\n<p><strong>Port\u00e9e du traitement des cookies fonctionnels :<\/strong> identifiant unique, code de langue, param\u00e8tres du site, donn\u00e9es temporelles d&rsquo;affichage des fen\u00eatres modales (pop-up), personnalisation des vid\u00e9os.<\/p>\n\n\n\n<figure class=\"wp-block-table\"><table class=\"has-fixed-layout\"><thead><tr><th>Nom du cookie<\/th><th>Description<\/th><th>\u00c9diteur<\/th><th>Dur\u00e9e de conservation<\/th><\/tr><\/thead><tbody><tr><td><strong>bonus-popup-time<\/strong><\/td><td>Utilis\u00e9 uniquement pour afficher une fen\u00eatre modale, non envoy\u00e9 \u00e0 GA, ne sert pas au suivi, uniquement \u00e0 d\u00e9terminer si la fen\u00eatre doit s\u2019afficher.<\/td><td>Propri\u00e9taire<\/td><td>Dur\u00e9e de la session<\/td><\/tr><tr><td><strong>bonus-popup-new-time<\/strong><\/td><td>Utilis\u00e9 uniquement pour afficher une fen\u00eatre modale, non envoy\u00e9 \u00e0 GA, ne sert pas au suivi, uniquement \u00e0 d\u00e9terminer si la fen\u00eatre doit s\u2019afficher.<\/td><td>Propri\u00e9taire<\/td><td>Dur\u00e9e de la session<\/td><\/tr><tr><td><strong>ip_group<\/strong><\/td><td>Utilis\u00e9 uniquement pour afficher une fen\u00eatre modale, non envoy\u00e9 \u00e0 GA, ne sert pas au suivi, uniquement \u00e0 d\u00e9terminer si la fen\u00eatre doit s\u2019afficher.<\/td><td>Propri\u00e9taire<\/td><td>Dur\u00e9e de la session<\/td><\/tr><\/tbody><\/table><\/figure>\n\n\n\n<p><em><strong>C. Cookies analytiques ou statistiques<\/strong><\/em><\/p>\n\n\n\n<p>Ces cookies permettent d&rsquo;analyser l&rsquo;utilisation g\u00e9n\u00e9rale du site par les utilisateurs afin d&rsquo;\u00e9valuer et d&rsquo;am\u00e9liorer ses performances. Ils fournissent par exemple des informations sur la mani\u00e8re dont le site est utilis\u00e9 et facilitent les campagnes promotionnelles ou les enqu\u00eates men\u00e9es par le responsable du traitement.<\/p>\n\n\n\n<p><strong>Port\u00e9e du traitement des cookies analytiques :<\/strong> identifiant unique ; localisation \u2013 pays (g\u00e9olocalisation) ; distinction entre utilisateur nouveau et r\u00e9current ; dur\u00e9e moyenne de navigation sur le site ; r\u00e9solution d&rsquo;\u00e9cran de l&rsquo;appareil de l&rsquo;utilisateur ; syst\u00e8me d&rsquo;exploitation de l&rsquo;appareil de l&rsquo;utilisateur ; type d&rsquo;appareil de l&rsquo;utilisateur ; type de navigateur web de l&rsquo;appareil de l&rsquo;utilisateur ; langue de la page visit\u00e9e.<\/p>\n\n\n\n<p>Ces informations sp\u00e9cifiques (comme votre g\u00e9olocalisation, votre type d&rsquo;appareil, etc.) sont trait\u00e9es en arri\u00e8re-plan par des outils analytiques (par exemple Google Analytics) et utilis\u00e9es par le responsable du traitement pour cr\u00e9er des statistiques anonymes. Elles ne sont pas destin\u00e9es \u00e0 \u00eatre affich\u00e9es publiquement<strong>.<\/strong><\/p>\n\n\n\n<figure class=\"wp-block-table\"><table class=\"has-fixed-layout\"><thead><tr><th>Nom du cookie<\/th><th>Description<\/th><th>\u00c9diteur<\/th><th>Dur\u00e9e de conservation<\/th><\/tr><\/thead><tbody><tr><td><strong>_clck<\/strong><\/td><td>Analyse du comportement des utilisateurs via Microsoft Clarity (clics, mouvements de souris, navigation).<\/td><td>Microsoft Clarity<\/td><td>1 an<\/td><\/tr><tr><td><strong>_clsk<\/strong><\/td><td>Analyse du comportement des utilisateurs via Microsoft Clarity (clics, mouvements de souris, navigation).<\/td><td>Microsoft Clarity<\/td><td>24 heures<\/td><\/tr><tr><td><strong>_ga<\/strong><\/td><td>Cookie Google Analytics. Suit la fr\u00e9quentation et le comportement des utilisateurs sur le site.<\/td><td>Google Analytics<\/td><td>2 ans<\/td><\/tr><tr><td><strong>_ga_JR9SBDSG4Y<\/strong><\/td><td>Cookie Google Analytics. Suit la fr\u00e9quentation et le comportement des utilisateurs sur le site.<\/td><td>Google Analytics<\/td><td>2 ans<\/td><\/tr><tr><td><strong>_ga_PSW1MY7HB4<\/strong><\/td><td>Cookie Google Analytics. Suit la fr\u00e9quentation et le comportement des utilisateurs sur le site.<\/td><td>Google Analytics<\/td><td>2 ans<\/td><\/tr><tr><td><strong>_gtmeec<\/strong><\/td><td>Google Tag Manager.<\/td><td>GTM<\/td><td>3 mois<\/td><\/tr><\/tbody><\/table><\/figure>\n\n\n\n<p><strong><em>D. Cookies marketing<\/em><\/strong><\/p>\n\n\n\n<p>Ces cookies collectent des informations d&rsquo;un point de vue marketing. Ils contribuent \u00e0 mieux cibler les campagnes marketing en fonction des pr\u00e9f\u00e9rences accord\u00e9es. Ils enregistrent \u00e9galement des donn\u00e9es sur le nombre de visiteurs qui ont vu ou cliqu\u00e9 sur les publicit\u00e9s et campagnes publi\u00e9es par le responsable du traitement, afin que celui-ci puisse optimiser ses campagnes publicitaires si n\u00e9cessaire.<\/p>\n\n\n\n<p><strong>Port\u00e9e du traitement des cookies marketing :<\/strong> identifiant unique ; informations n\u00e9cessaires \u00e0 la publicit\u00e9 personnalis\u00e9e.<\/p>\n\n\n\n<figure class=\"wp-block-table\"><table class=\"has-fixed-layout\"><thead><tr><th>Nom du cookie<\/th><th>Description<\/th><th>\u00c9diteur<\/th><th>Dur\u00e9e de conservation<\/th><\/tr><\/thead><tbody><tr><td><strong>FPAU<\/strong><\/td><td>Ils identifient un utilisateur ou un appareil sp\u00e9cifique.<\/td><td>Google Ads<\/td><td>3 mois<\/td><\/tr><tr><td><strong>FPGSID<\/strong><\/td><td>Ils identifient un utilisateur ou un appareil sp\u00e9cifique.<\/td><td>Google Ads<\/td><td>30 minutes<\/td><\/tr><tr><td><strong>FPID<\/strong><\/td><td>Ils identifient un utilisateur ou un appareil sp\u00e9cifique.<\/td><td>Google Ads<\/td><td>2 ans<\/td><\/tr><tr><td><strong>FPLC<\/strong><\/td><td>Ils identifient un utilisateur ou un appareil sp\u00e9cifique.<\/td><td>Google Ads<\/td><td>20 heures<\/td><\/tr><tr><td><strong>_fbp<\/strong><\/td><td>Cookie Facebook Pixel.<\/td><td>Facebook<\/td><td>3 mois<\/td><\/tr><\/tbody><\/table><\/figure>\n\n\n\n<h3 class=\"wp-block-heading\">Identification des personnes concern\u00e9es lors du traitement des cookies :<\/h3>\n\n\n\n<p>Les personnes concern\u00e9es dont les donn\u00e9es personnelles sont trait\u00e9es sous forme de cookies sont : les utilisateurs qui visitent le site web du responsable du traitement.<\/p>\n\n\n\n<h3 class=\"wp-block-heading\">Identification des destinataires, cat\u00e9gories de destinataires :<\/h3>\n\n\n\n<p>Le responsable du traitement peut transmettre les donn\u00e9es personnelles \u00e0 des entit\u00e9s autoris\u00e9es telles que des institutions et organisations dont le traitement est autoris\u00e9 par une r\u00e9glementation l\u00e9gale sp\u00e9cifique, ou \u00e0 des partenaires contractuels (notamment des sous-traitants) qui se sont engag\u00e9s contractuellement \u00e0 fournir des garanties appropri\u00e9es pour assurer la protection des donn\u00e9es personnelles trait\u00e9es, comme suit :<\/p>\n\n\n\n<ul class=\"wp-block-list\">\n<li><strong>Google Ireland Limited<\/strong>, Gordon House, Barrow Street, Dublin 4, Irlande (pour les services Google Analytics, Google Ads, Google Consent Mode).<\/li>\n\n\n\n<li><strong>Microsoft Ireland Operations Limited<\/strong>, One Microsoft Place, South County Business Park, Leopardstown, Dublin 18, Irlande (pour le service Microsoft Clarity).<\/li>\n\n\n\n<li><strong>Meta Platforms Ireland Limited<\/strong>, 4 Grand Canal Square, Grand Canal Harbour, Dublin 2, Irlande (pour le service Facebook Pixel).<\/li>\n<\/ul>\n\n\n\n<p>Avec votre consentement ou sur votre instruction, le responsable du traitement peut transmettre les donn\u00e9es personnelles \u00e0 d&rsquo;autres destinataires.<\/p>\n\n\n\n<h3 class=\"wp-block-heading\">Transfert de cookies vers un pays tiers \/ une organisation internationale :<\/h3>\n\n\n\n<p>Le transfert de donn\u00e9es personnelles issues des cookies peut \u00eatre effectu\u00e9 vers des pays tiers tels que les \u00c9tats-Unis d&rsquo;Am\u00e9rique, notamment en lien avec l&rsquo;utilisation des services des soci\u00e9t\u00e9s Google LLC, Microsoft Corporation et Meta Platforms, Inc. Le transfert est effectu\u00e9 conform\u00e9ment \u00e0 l&rsquo;article 45, paragraphe 1, sur la base de la d\u00e9cision d&rsquo;ad\u00e9quation du EU\u2013U.S. Data Privacy Framework, dont sont membres les soci\u00e9t\u00e9s Google LLC, 1600 Amphitheatre Parkway, Mountain View, CA 94043, USA ; Microsoft Corporation, One Microsoft Way, Redmond, WA 98052, USA et Meta Platforms, Inc., 1 Meta Way, Menlo Park, CA 94025, USA.<\/p>\n\n\n\n<h3 class=\"wp-block-heading\">Indication de la source d&rsquo;o\u00f9 proviennent les cookies :<\/h3>\n\n\n\n<p>Directement de la personne concern\u00e9e (par le consentement lors de la visite du site web).<\/p>\n\n\n\n<h3 class=\"wp-block-heading\">Quelle est la dur\u00e9e de conservation :<\/h3>\n\n\n\n<p>Le responsable du traitement traite les donn\u00e9es personnelles issues des cookies pour une dur\u00e9e maximale de 24 mois \u00e0 compter du consentement. Selon le type de cookie, la dur\u00e9e de traitement peut varier, comme indiqu\u00e9 dans les tableaux ci-dessus.<\/p>\n\n\n\n<h3 class=\"wp-block-heading\">Profilage :<\/h3>\n\n\n\n<p>Sur la base de votre consentement \u00e0 l&rsquo;utilisation de cookies marketing, le responsable du traitement peut utiliser des outils qui traitent des donn\u00e9es (telles que des informations sur votre activit\u00e9 sur le site web) pour cr\u00e9er des profils d&rsquo;utilisateurs. L&rsquo;objectif de ce profilage est de mieux cibler les campagnes publicitaires et de vous pr\u00e9senter du contenu et des offres pertinents. Ce traitement ne constitue pas une prise de d\u00e9cision individuelle automatis\u00e9e ayant des effets juridiques ou similaires significatifs sur vous.<\/p>\n\n\n\n<h3 class=\"wp-block-heading\">Obligation de fournir des donn\u00e9es personnelles sous forme de cookies :<\/h3>\n\n\n\n<p>Le visiteur du site web en tant que personne concern\u00e9e fournit ses donn\u00e9es personnelles volontairement sur la base d&rsquo;un consentement (la fourniture n&rsquo;est ni une exigence l\u00e9gale ni contractuelle). Si ces donn\u00e9es ne sont pas fournies, le responsable du traitement ne traitera aucun cookie aux fins de fournir, am\u00e9liorer ou d\u00e9velopper de nouveaux services \u2013 \u00e0 l&rsquo;exception des cookies strictement n\u00e9cessaires.<\/p>\n\n\n\n<h2 class=\"wp-block-heading\">2. Gestion de vos param\u00e8tres de cookies<\/h2>\n\n\n\n<h3 class=\"wp-block-heading\">\u00c9viter l&rsquo;utilisation des cookies sur ce site web :<\/h3>\n\n\n\n<p>Par d\u00e9faut, le responsable du traitement ne suit pas l&rsquo;exp\u00e9rience des visiteurs de ces sites web. La personne concern\u00e9e peut consentir au traitement des donn\u00e9es personnelles collect\u00e9es lors de la navigation sur le site web. La personne concern\u00e9e a \u00e9galement la possibilit\u00e9 de d\u00e9sactiver le traitement de tous les cookies directement dans son navigateur web.<\/p>\n\n\n\n<h3 class=\"wp-block-heading\">D\u00e9sactivation et blocage de l&rsquo;utilisation des cookies :<\/h3>\n\n\n\n<p>La personne concern\u00e9e peut \u00e0 tout moment limiter, bloquer ou supprimer l&rsquo;utilisation des cookies sur ces sites web en modifiant les param\u00e8tres de son navigateur via les liens suivants :<\/p>\n\n\n\n<p>Si la personne concern\u00e9e d\u00e9sactive tous les cookies, une banni\u00e8re de cookies s&rsquo;affichera \u00e0 chaque visite de ce site web. La personne concern\u00e9e, en tant que visiteur de ces sites web, a \u00e0 tout moment la possibilit\u00e9 de modifier sa d\u00e9cision concernant l&rsquo;octroi ou le refus du consentement au traitement des cookies.<\/p>\n\n\n\n<ul class=\"wp-block-list\">\n<li><a href=\"https:\/\/support.mozilla.org\/en-US\/kb\/how-do-i-turn-do-not-track-feature\" target=\"_blank\" rel=\"noopener nofollow\" title=\"\">Firefox<\/a><\/li>\n\n\n\n<li><a href=\"https:\/\/support.microsoft.com\/en-us\/help\/17288\/windows-internet-explorer-11-use-do-not-track\" target=\"_blank\" rel=\"noopener nofollow\" title=\"\">Internet Explorer<\/a><\/li>\n\n\n\n<li><a href=\"https:\/\/support.google.com\/chrome\/answer\/114836?hl=en&amp;ref_topic=3421433\" target=\"_blank\" rel=\"noopener nofollow\" title=\"\">Chrome<\/a><\/li>\n\n\n\n<li><a href=\"http:\/\/help.apple.com\/safari\/mac\/9.0\/#\/sfri40732\" target=\"_blank\" rel=\"noopener nofollow\" title=\"\">Safari<\/a><\/li>\n\n\n\n<li><a href=\"https:\/\/help.opera.com\/en\/opera36\/be-safe-and-private\/#:~:text=Go%20to%20Settings%20(Preferences%20on%20Mac).%20Click,Track'%20request%20with%20your%20browsing%20traffic%20checkbox.\" target=\"_blank\" rel=\"noopener nofollow\" title=\"\">Opera<\/a><\/li>\n\n\n\n<li><a href=\"https:\/\/support.microsoft.com\/en-us\/microsoft-edge\/learn-about-tracking-prevention-in-microsoft-edge-5ac125e8-9b90-8d59-fa2c-7f2e9a44d869\" target=\"_blank\" rel=\"noopener nofollow\" title=\"\">Microsoft Edge<\/a><\/li>\n<\/ul>\n\n\n\n<h2 class=\"wp-block-heading\">3. Droits de la personne concern\u00e9e<\/h2>\n\n\n\n<p>Conform\u00e9ment au r\u00e8glement, le visiteur du site web en tant que personne concern\u00e9e a le droit de demander au responsable du traitement l&rsquo;acc\u00e8s aux donn\u00e9es personnelles le concernant, le droit de rectification des donn\u00e9es personnelles, le droit \u00e0 l&rsquo;effacement ou \u00e0 la limitation du traitement des donn\u00e9es personnelles, le droit d&rsquo;opposition au traitement des donn\u00e9es personnelles, le droit de ne pas faire l&rsquo;objet d&rsquo;une prise de d\u00e9cision individuelle automatis\u00e9e, y compris le profilage, le droit \u00e0 la portabilit\u00e9 des donn\u00e9es personnelles, ainsi que le droit de soumettre une proposition d&rsquo;engagement d&rsquo;une proc\u00e9dure aupr\u00e8s de l&rsquo;autorit\u00e9 de contr\u00f4le.<\/p>\n\n\n\n<p>Si le responsable du traitement traite des donn\u00e9es personnelles sur la base du consentement de la personne concern\u00e9e, celle-ci a le droit de retirer son consentement au traitement des donn\u00e9es personnelles \u00e0 tout moment. Le retrait du consentement n&rsquo;affecte pas la lic\u00e9it\u00e9 du traitement des donn\u00e9es personnelles fond\u00e9 sur le consentement avant son retrait.<\/p>\n\n\n\n<p>La personne concern\u00e9e peut exercer ses droits en envoyant un e-mail \u00e0 : gdpr.sk@msg.group ou en s&rsquo;adressant par \u00e9crit au responsable du traitement \u00e0 l&rsquo;adresse : msg life Slovakia s. r. o., Hrani\u010dn\u00e1 18, 821 05 Bratislava.<\/p>\n","protected":false},"excerpt":{"rendered":"<p>Politique d&rsquo;utilisation des cookies Qu&rsquo;est-ce qu&rsquo;un cookie : Un cookie est un petit fichier texte [&hellip;]<\/p>\n","protected":false},"author":1,"featured_media":0,"parent":0,"menu_order":0,"comment_status":"closed","ping_status":"closed","template":"","meta":{"_acf_changed":false,"footnotes":""},"class_list":["post-2595","page","type-page","status-publish","hentry"],"acf":[],"aioseo_notices":[],"_links":{"self":[{"href":"https:\/\/ittester.sk\/fr\/wp-json\/wp\/v2\/pages\/2595","targetHints":{"allow":["GET"]}}],"collection":[{"href":"https:\/\/ittester.sk\/fr\/wp-json\/wp\/v2\/pages"}],"about":[{"href":"https:\/\/ittester.sk\/fr\/wp-json\/wp\/v2\/types\/page"}],"author":[{"embeddable":true,"href":"https:\/\/ittester.sk\/fr\/wp-json\/wp\/v2\/users\/1"}],"replies":[{"embeddable":true,"href":"https:\/\/ittester.sk\/fr\/wp-json\/wp\/v2\/comments?post=2595"}],"version-history":[{"count":11,"href":"https:\/\/ittester.sk\/fr\/wp-json\/wp\/v2\/pages\/2595\/revisions"}],"predecessor-version":[{"id":4282,"href":"https:\/\/ittester.sk\/fr\/wp-json\/wp\/v2\/pages\/2595\/revisions\/4282"}],"wp:attachment":[{"href":"https:\/\/ittester.sk\/fr\/wp-json\/wp\/v2\/media?parent=2595"}],"curies":[{"name":"wp","href":"https:\/\/api.w.org\/{rel}","templated":true}]}}