{"id":2593,"date":"2023-09-19T13:23:20","date_gmt":"2023-09-19T11:23:20","guid":{"rendered":"https:\/\/ittester.sk\/impression\/"},"modified":"2026-03-19T11:30:07","modified_gmt":"2026-03-19T10:30:07","slug":"impression","status":"publish","type":"page","link":"https:\/\/ittester.sk\/fr\/impression\/","title":{"rendered":"Impressum"},"content":{"rendered":"\n<h1 class=\"wp-block-heading\">Informations l\u00e9gales<\/h1>\n\n\n\n<p><strong>Si\u00e8ge de la soci\u00e9t\u00e9:<br><\/strong>msg life Slovakia s.r.o.<br>Hrani\u010dn\u00e1 18<br>821 05 Bratislava<br>R\u00e9publique slovaque<\/p>\n\n\n\n<p><strong>\u00c9tablissement de Ko\u0161ice:<br><\/strong>msg life Slovakia s.r.o.<br>Werferova 1<br>040 11 Ko\u0161ice<br>R\u00e9publique slovaque<\/p>\n\n\n\n<p><strong>\u00c9tablissement de \u017dilina:<br><\/strong>msg life Slovakia s.r.o.<br>b\u00e2timent Europalace<br>Vysoko\u0161kol\u00e1kov 8556\/33B<br>010 08 \u017dilina<br>R\u00e9publique slovaque<\/p>\n\n\n\n<p><strong>Coordonn\u00e9es:<\/strong><br>T\u00e9l\u00e9phone: +421 2 322 21 270<br>E-mail: <a href=\"mailto:info.sk@msg.group\" title=\"\">info.sk@msg.group<\/a><br>Sites web: <a href=\"https:\/\/www.msg-life.sk\" target=\"_blank\" rel=\"noopener\" title=\"\">www.msg-life.sk<\/a><br> <a href=\"http:\/\/www.msg-insurance-suite.com\" target=\"_blank\" rel=\"noopener nofollow\" title=\"\">www.msg-insurance-suite.com<\/a><br> <a href=\"http:\/\/www.msg.group\/en\" target=\"_blank\" rel=\"noopener nofollow\" title=\"\">www.msg.group\/en<\/a><\/p>\n\n\n\n<p><strong>Informations de facturation:<\/strong><br>Num\u00e9ro d\u2019identification de l\u2019entreprise: 35 800 780<br>Num\u00e9ro d\u2019identification fiscale: 2020223755<br>Num\u00e9ro de TVA: SK2020223755<br>Banque: Unicredit Bank Czech Republic and Slovakia, a.s., \u0160ancov\u00e1 1\/A, 813 33 Bratislava<br>IBAN: SK30 1111 0000 0010 0951 0001<br>BIC: UNCRSKBX<\/p>\n\n\n\n<p>La soci\u00e9t\u00e9 est enregistr\u00e9e au registre du commerce du tribunal municipal de Bratislava III, section Sro, dossier n\u00b0 22942\/B. <\/p>\n\n\n\n<p>Elle est repr\u00e9sent\u00e9e par ses g\u00e9rants, M. Milan Patassy et M. Michal Zachar.<\/p>\n\n\n\n<p>Extrait du registre: <a href=\"https:\/\/www.orsr.sk\/vypis.asp?ID=30404&amp;SID=2&amp;P=0\" target=\"_blank\" rel=\"noopener nofollow\" title=\"\">https:\/\/www.orsr.sk\/vypis.asp?ID=30404&amp;SID=2&amp;P=0<\/a><\/p>\n\n\n\n<h2 class=\"wp-block-heading\">Droits d\u2019auteur<\/h2>\n\n\n\n<p>\u00a9 2026 msg life Slovakia<\/p>\n\n\n\n<p>Tous droits r\u00e9serv\u00e9s. Tout le contenu des pages de msg life Slovakia s.r.o., y compris les images et la mise en page, est prot\u00e9g\u00e9 par le droit d\u2019auteur. La copie d\u2019informations, de donn\u00e9es, d\u2019images, etc., et en particulier l\u2019utilisation commerciale de textes, de parties de textes ou d\u2019images, n\u2019est pas autoris\u00e9e sans l\u2019accord \u00e9crit pr\u00e9alable de msg life Slovakia s.r.o. Le contenu des pages de msg life Slovakia s.r.o., y compris les encadrements, les liens directs, etc., ne doit pas \u00eatre modifi\u00e9 ni \u00e9tendu.<\/p>\n\n\n\n<h2 class=\"wp-block-heading\">Clause de non-responsabilit\u00e9 et garantie<\/h2>\n\n\n\n<p>msg life Slovakia s.r.o. v\u00e9rifie soigneusement les informations publi\u00e9es sur Internet et les met continuellement \u00e0 jour. N\u00e9anmoins, il n\u2019est pas possible de garantir l\u2019absence totale d\u2019erreurs dans l\u2019ensemble du contenu. Par cons\u00e9quent, msg life Slovakia s.r.o. d\u00e9cline toute responsabilit\u00e9 et ne donne aucune garantie quant \u00e0 l\u2019exhaustivit\u00e9, l\u2019exactitude et l\u2019actualit\u00e9 des donn\u00e9es et informations publi\u00e9es. msg life Slovakia s.r.o. d\u00e9cline \u00e9galement toute responsabilit\u00e9 et ne donne aucune garantie concernant les d\u00e9clarations sur l\u2019\u00e9volution future, car elles sont fond\u00e9es sur les convictions et estimations de la direction de msg life Slovakia s.r.o. et comportent donc des risques et des incertitudes.<\/p>\n\n\n\n<p>La clause de non-responsabilit\u00e9 et de garantie s\u2019applique \u00e9galement \u00e0 tous les liens web figurant directement ou indirectement sur les pages de msg life Slovakia s.r.o. msg life Slovakia s.r.o. n\u2019est pas responsable du contenu de ces sites web.<\/p>\n\n\n\n<p>msg life Slovakia s.r.o. se r\u00e9serve le droit de modifier et de compl\u00e9ter les informations publi\u00e9es sans pr\u00e9avis.<\/p>\n\n\n\n<h2 class=\"wp-block-heading\">Remarque<\/h2>\n\n\n\n<p>Partout o\u00f9 le genre masculin a \u00e9t\u00e9 utilis\u00e9 comme forme grammaticale universelle, cela a \u00e9t\u00e9 fait uniquement pour simplifier la lecture du texte. Il est toujours fait r\u00e9f\u00e9rence \u00e0 des personnes des deux sexes.<\/p>\n","protected":false},"excerpt":{"rendered":"<p>Informations l\u00e9gales Si\u00e8ge de la soci\u00e9t\u00e9:msg life Slovakia s.r.o.Hrani\u010dn\u00e1 18821 05 BratislavaR\u00e9publique slovaque \u00c9tablissement de [&hellip;]<\/p>\n","protected":false},"author":1,"featured_media":0,"parent":0,"menu_order":0,"comment_status":"closed","ping_status":"closed","template":"","meta":{"_acf_changed":false,"footnotes":""},"class_list":["post-2593","page","type-page","status-publish","hentry"],"acf":[],"aioseo_notices":[],"_links":{"self":[{"href":"https:\/\/ittester.sk\/fr\/wp-json\/wp\/v2\/pages\/2593","targetHints":{"allow":["GET"]}}],"collection":[{"href":"https:\/\/ittester.sk\/fr\/wp-json\/wp\/v2\/pages"}],"about":[{"href":"https:\/\/ittester.sk\/fr\/wp-json\/wp\/v2\/types\/page"}],"author":[{"embeddable":true,"href":"https:\/\/ittester.sk\/fr\/wp-json\/wp\/v2\/users\/1"}],"replies":[{"embeddable":true,"href":"https:\/\/ittester.sk\/fr\/wp-json\/wp\/v2\/comments?post=2593"}],"version-history":[{"count":7,"href":"https:\/\/ittester.sk\/fr\/wp-json\/wp\/v2\/pages\/2593\/revisions"}],"predecessor-version":[{"id":4311,"href":"https:\/\/ittester.sk\/fr\/wp-json\/wp\/v2\/pages\/2593\/revisions\/4311"}],"wp:attachment":[{"href":"https:\/\/ittester.sk\/fr\/wp-json\/wp\/v2\/media?parent=2593"}],"curies":[{"name":"wp","href":"https:\/\/api.w.org\/{rel}","templated":true}]}}