{"id":2588,"date":"2022-12-09T10:53:39","date_gmt":"2022-12-09T09:53:39","guid":{"rendered":"https:\/\/ittester.sk\/it-tester\/"},"modified":"2024-10-22T14:30:02","modified_gmt":"2024-10-22T12:30:02","slug":"tests-de-logiciels","status":"publish","type":"page","link":"https:\/\/ittester.sk\/fr\/","title":{"rendered":"Tests de logiciels"},"content":{"rendered":"<p>Vous souhaitez apprendre \u00e0 tester des logiciels, mais vous ne savez pas par o\u00f9 commencer ? ITtester.sk vous guidera \u00e0 travers tout ce que vous devez savoir pour devenir un testeur de logiciels informatiques.<\/p>\n<p>Ittester.sk propose du mat\u00e9riel p\u00e9dagogique gratuit sur diff\u00e9rents domaines du test, qu&rsquo;il s&rsquo;agisse de tests manuels, automatis\u00e9s ou de performance, ou encore de la pr\u00e9paration aux entretiens d&#8217;embauche.<\/p>\n<p>Nous avons \u00e9galement pr\u00e9par\u00e9 un tutoriel d\u00e9taill\u00e9 sur le tutoriel Selenium, un outil pour l&rsquo;automatisation des tests et les tests de performance.<\/p>\n","protected":false},"excerpt":{"rendered":"<p>Vous souhaitez apprendre \u00e0 tester des logiciels, mais vous ne savez pas par o\u00f9 commencer [&hellip;]<\/p>\n","protected":false},"author":1,"featured_media":0,"parent":0,"menu_order":0,"comment_status":"closed","ping_status":"closed","template":"templates\/home.php","meta":{"_acf_changed":false,"footnotes":""},"class_list":["post-2588","page","type-page","status-publish","hentry"],"acf":[],"aioseo_notices":[],"_links":{"self":[{"href":"https:\/\/ittester.sk\/fr\/wp-json\/wp\/v2\/pages\/2588","targetHints":{"allow":["GET"]}}],"collection":[{"href":"https:\/\/ittester.sk\/fr\/wp-json\/wp\/v2\/pages"}],"about":[{"href":"https:\/\/ittester.sk\/fr\/wp-json\/wp\/v2\/types\/page"}],"author":[{"embeddable":true,"href":"https:\/\/ittester.sk\/fr\/wp-json\/wp\/v2\/users\/1"}],"replies":[{"embeddable":true,"href":"https:\/\/ittester.sk\/fr\/wp-json\/wp\/v2\/comments?post=2588"}],"version-history":[{"count":2,"href":"https:\/\/ittester.sk\/fr\/wp-json\/wp\/v2\/pages\/2588\/revisions"}],"predecessor-version":[{"id":2976,"href":"https:\/\/ittester.sk\/fr\/wp-json\/wp\/v2\/pages\/2588\/revisions\/2976"}],"wp:attachment":[{"href":"https:\/\/ittester.sk\/fr\/wp-json\/wp\/v2\/media?parent=2588"}],"curies":[{"name":"wp","href":"https:\/\/api.w.org\/{rel}","templated":true}]}}