{"id":2139,"date":"2022-12-07T10:10:08","date_gmt":"2022-12-07T09:10:08","guid":{"rendered":"https:\/\/ittester.sk\/proteccion-de-datos-personales\/"},"modified":"2026-02-10T18:09:31","modified_gmt":"2026-02-10T17:09:31","slug":"proteccion-de-datos-personales","status":"publish","type":"page","link":"https:\/\/ittester.sk\/es\/proteccion-de-datos-personales\/","title":{"rendered":"Pol\u00edtica de protecci\u00f3n de datos personales de msg life Slovakia s.r.o."},"content":{"rendered":"<p class=\"p1\">Gracias por visitar este sitio web y por su inter\u00e9s en msg life Slovakia s.r.o. La protecci\u00f3n de sus datos personales es tan importante para nosotros como ofrecer los mejores servicios integrales a nuestros clientes.<\/p>\n<p class=\"p1\">El propietario del dominio <a href=\"https:\/\/www.ittester.sk\/es\">www.ittester.sk<\/a> es msg life Slovakia s.r.o., una filial de msg life central europe gmbh, cuyo propietario es msg life ag (en adelante, \u00abmsg life\u00bb). Esta pol\u00edtica de protecci\u00f3n de datos personales describe en detalle las actividades que msg life realiza durante su visita al sitio web, qu\u00e9 informaci\u00f3n puede recopilar msg life conforme a la legislaci\u00f3n vigente en materia de protecci\u00f3n de datos personales y c\u00f3mo se procesa dicha informaci\u00f3n.<\/p>\n<p class=\"p1\">Sus datos personales se procesan de acuerdo con el Reglamento (UE) 2016\/679 del Parlamento Europeo y del Consejo relativo a la protecci\u00f3n de las personas f\u00edsicas en lo que respecta al tratamiento de datos personales y a la libre circulaci\u00f3n de estos datos (en adelante \u201cReglamento GDPR\u201d) y con la Ley n.\u00ba 18\/2018 Z.z. sobre la protecci\u00f3n de datos personales y sobre la modificaci\u00f3n y complementaci\u00f3n de ciertas leyes (en adelante \u201eLey de Protecci\u00f3n de Datos\u201c).<\/p>\n<p class=\"p1\">Cualquier modificaci\u00f3n o complemento de esta pol\u00edtica de protecci\u00f3n de datos personales ser\u00e1 publicado en este sitio web con el fin de informarle sobre los datos que msg life procesa. A continuaci\u00f3n se presentan las principales categor\u00edas de informaci\u00f3n sobre la protecci\u00f3n de datos personales.<\/p>\n","protected":false},"excerpt":{"rendered":"<p>Gracias por visitar esta p\u00e1gina y por tu inter\u00e9s en msg life Slovakia s.r.o. Proteger tus datos personales es tan importante para nosotros como ofrecer el mejor servicio integral posible a nuestros clientes.<\/p>\n","protected":false},"author":1,"featured_media":0,"parent":0,"menu_order":0,"comment_status":"closed","ping_status":"open","template":"templates\/gdpr.php","meta":{"_acf_changed":false,"footnotes":""},"class_list":["post-2139","page","type-page","status-publish","hentry"],"acf":[],"aioseo_notices":[],"_links":{"self":[{"href":"https:\/\/ittester.sk\/es\/wp-json\/wp\/v2\/pages\/2139","targetHints":{"allow":["GET"]}}],"collection":[{"href":"https:\/\/ittester.sk\/es\/wp-json\/wp\/v2\/pages"}],"about":[{"href":"https:\/\/ittester.sk\/es\/wp-json\/wp\/v2\/types\/page"}],"author":[{"embeddable":true,"href":"https:\/\/ittester.sk\/es\/wp-json\/wp\/v2\/users\/1"}],"replies":[{"embeddable":true,"href":"https:\/\/ittester.sk\/es\/wp-json\/wp\/v2\/comments?post=2139"}],"version-history":[{"count":8,"href":"https:\/\/ittester.sk\/es\/wp-json\/wp\/v2\/pages\/2139\/revisions"}],"predecessor-version":[{"id":4293,"href":"https:\/\/ittester.sk\/es\/wp-json\/wp\/v2\/pages\/2139\/revisions\/4293"}],"wp:attachment":[{"href":"https:\/\/ittester.sk\/es\/wp-json\/wp\/v2\/media?parent=2139"}],"curies":[{"name":"wp","href":"https:\/\/api.w.org\/{rel}","templated":true}]}}