{"id":1764,"date":"2023-09-19T13:30:40","date_gmt":"2023-09-19T11:30:40","guid":{"rendered":"https:\/\/ittester.sk\/galletas\/"},"modified":"2025-01-10T16:18:31","modified_gmt":"2025-01-10T15:18:31","slug":"galletas","status":"publish","type":"page","link":"https:\/\/ittester.sk\/es\/galletas\/","title":{"rendered":"Pol\u00edtica de cookies"},"content":{"rendered":"\n<h1 class=\"wp-block-heading\">Pol\u00edtica de uso de cookies<\/h1>\n\n\n\n<h3 class=\"wp-block-heading\">Qu\u00e9 son las cookies:<\/h3>\n\n\n\n<p>Una cookie es un peque\u00f1o archivo de texto que los sitios web almacenan en su ordenador personal, tel\u00e9fono u otro dispositivo, y que contiene informaci\u00f3n sobre su actividad en este sitio web. Las cookies permiten y facilitan la navegaci\u00f3n.<\/p>\n\n\n\n<p>El objetivo de esta informaci\u00f3n es proporcionarle detalles sobre qu\u00e9 datos personales en forma de cookies procesamos, c\u00f3mo los tratamos, con qu\u00e9 fines los utilizamos, a qui\u00e9n podemos proporcionarlos, d\u00f3nde puede obtener informaci\u00f3n sobre sus datos personales y c\u00f3mo ejercer sus derechos en relaci\u00f3n con el tratamiento de datos personales.<\/p>\n\n\n\n<h3 class=\"wp-block-heading\">Datos de identificaci\u00f3n y contacto:<\/h3>\n\n\n\n<p>El responsable del tratamiento de cookies es la empresa msg life Slovakia s.r.o., Hrani\u010dn\u00e1 18, 821 05 Bratislava, I\u010cO: 35800780, correo electr\u00f3nico: gdpr.sk@msg.group (en adelante, el \u00abresponsable\u00bb).<\/p>\n\n\n\n<h2 class=\"wp-block-heading\">1. Uso de cookies<\/h2>\n\n\n\n<ul class=\"wp-block-list\">\n<li><em><strong>C\u00f3mo utilizamos las cookies:<\/strong><\/em><\/li>\n<\/ul>\n\n\n\n<p>El responsable trata todas las cookies sobre la base del art\u00edculo 6, apartado 1, letra a) del Reglamento (UE) 2016\/679 del Parlamento Europeo y del Consejo de 27 de abril de 2016 relativo a la protecci\u00f3n de las personas f\u00edsicas en lo que respecta al tratamiento de datos personales y a la libre circulaci\u00f3n de estos datos, por el que se deroga la Directiva 95\/46\/CE (Reglamento General de Protecci\u00f3n de Datos) (en adelante, el \u00abReglamento\u00bb).<\/p>\n\n\n\n<p>El responsable utiliza varios tipos de cookies y las agrupa en su sitio web en las siguientes categor\u00edas (para los siguientes fines):<\/p>\n\n\n\n<p><strong><em>A. Cookies necesarias (obligatorias para el correcto funcionamiento del sitio web)<\/em><\/strong><\/p>\n\n\n\n<p>Estas cookies son esenciales para el funcionamiento adecuado del sitio web y para guardar sus preferencias de consentimiento. Sin ellas, no ser\u00eda posible cargar correctamente el sitio web.<\/p>\n\n\n\n<p><strong>Alcance del tratamiento de cookies necesarias:<\/strong> Identificador \u00fanico de consentimiento, Estado del consentimiento, Fecha y hora del consentimiento.<\/p>\n\n\n\n<figure class=\"wp-block-table\"><table class=\"has-fixed-layout\"><thead><tr><th>Nombre de la cookie<\/th><th>Descripci\u00f3n<\/th><th>Emisor<\/th><th>Tiempo de conservaci\u00f3n<\/th><\/tr><\/thead><tbody><tr><td><strong>consent<\/strong><\/td><td>Almacena informaci\u00f3n sobre el consentimiento del usuario para el procesamiento de cookies.<\/td><td>Consent<\/td><td>durante la sesi\u00f3n<\/td><\/tr><tr><td><strong>functionality_storage<\/strong><\/td><td>Guarda el estado del consentimiento para cookies funcionales.<\/td><td>Google Consent<\/td><td>durante la sesi\u00f3n<\/td><\/tr><tr><td><strong>personalization_storage<\/strong><\/td><td>Permite el almacenamiento relacionado con la personalizaci\u00f3n, como recomendaciones de v\u00eddeos.<\/td><td>Google Consent<\/td><td>durante la sesi\u00f3n<\/td><\/tr><tr><td><strong>analytics_storage<\/strong><\/td><td>Guarda el estado del consentimiento para cookies anal\u00edticas.<\/td><td>Google Consent<\/td><td>durante la sesi\u00f3n<\/td><\/tr><tr><td><strong>ad_storage<\/strong><\/td><td>Guarda el estado del consentimiento para cookies de marketing.<\/td><td>Google Consent<\/td><td>durante la sesi\u00f3n<\/td><\/tr><tr><td><strong>ad_personalization<\/strong><\/td><td>Guarda el estado del consentimiento para publicidad personalizada.<\/td><td>Google Consent<\/td><td>durante la sesi\u00f3n<\/td><\/tr><tr><td><strong>ad_user_data<\/strong><\/td><td>Guarda el estado del consentimiento para compartir datos del usuario con fines publicitarios en l\u00ednea.<\/td><td>Google Consent<\/td><td>durante la sesi\u00f3n<\/td><\/tr><tr><td><strong>wp-wpml_current_language<\/strong><\/td><td>Esta cookie almacena la informaci\u00f3n sobre el idioma actualmente seleccionado por el usuario en el sitio.<\/td><td>&nbsp;<\/td><td>durante la sesi\u00f3n<\/td><\/tr><\/tbody><\/table><\/figure>\n\n\n\n<p><strong><em>B. Cookies funcionales<\/em><\/strong><\/p>\n\n\n\n<p>Estas cookies permiten funciones adicionales para los visitantes del sitio web. Pueden ser configuradas por el operador o por terceros.<\/p>\n\n\n\n<p><strong>Alcance de las cookies funcionales procesadas:<\/strong> Identificador \u00fanico, c\u00f3digo de idioma, configuraci\u00f3n del sitio web, datos temporales de visualizaci\u00f3n de ventanas emergentes (modales), personalizaci\u00f3n de v\u00eddeos.<\/p>\n\n\n\n<figure class=\"wp-block-table\"><table class=\"has-fixed-layout\"><thead><tr><th>Nombre de la cookie<\/th><th>Descripci\u00f3n<\/th><th>Emisor<\/th><th>Tiempo de conservaci\u00f3n<\/th><\/tr><\/thead><tbody><tr><td><strong>bonus-popup-time<\/strong><\/td><td>Estos registros sirven \u00fanicamente para mostrar la ventana modal; no se env\u00edan a Google Analytics ni se utilizan para el seguimiento, sino solo para evaluar si la ventana modal debe mostrarse.<\/td><td>Propia<\/td><td>durante la sesi\u00f3n<\/td><\/tr><tr><td><strong>bonus-popup-new-time<\/strong><\/td><td>Estos registros sirven \u00fanicamente para mostrar la ventana modal; no se env\u00edan a Google Analytics ni se utilizan para el seguimiento, sino solo para evaluar si la ventana modal debe mostrarse.<\/td><td>Propia<\/td><td>durante la sesi\u00f3n<\/td><\/tr><tr><td><strong>ip_group<\/strong><\/td><td>Estos registros sirven \u00fanicamente para mostrar la ventana modal; no se env\u00edan a Google Analytics ni se utilizan para el seguimiento, sino solo para evaluar si la ventana modal debe mostrarse.<\/td><td>Propia<\/td><td>durante la sesi\u00f3n<\/td><\/tr><\/tbody><\/table><\/figure>\n\n\n\n<p><strong><em>C. Cookies<\/em><\/strong><em><strong> anal\u00edticas o estad\u00edsticas<\/strong><\/em><\/p>\n\n\n\n<p>Estas cookies permiten analizar el uso general del sitio web por parte de los usuarios para evaluar y mejorar el rendimiento. Proporcionan informaci\u00f3n sobre c\u00f3mo se utiliza el sitio y ayudan en campa\u00f1as promocionales o encuestas.<\/p>\n\n\n\n<p><strong>Alcance de las cookies anal\u00edticas procesadas:<\/strong> identificador \u00fanico; ubicaci\u00f3n \u2013 pa\u00eds (geolocalizaci\u00f3n); diferenciaci\u00f3n entre usuario nuevo y recurrente; tiempo medio de navegaci\u00f3n en el sitio; resoluci\u00f3n de pantalla del dispositivo del usuario; sistema operativo del dispositivo del usuario; tipo de dispositivo del usuario; tipo de navegador web del dispositivo del usuario; idioma de la p\u00e1gina visitada.<\/p>\n\n\n\n<p>Estos datos (como geolocalizaci\u00f3n, tipo de dispositivo, etc.) se procesan de forma privada en segundo plano mediante herramientas anal\u00edticas (por ejemplo, Google Analytics) y sirven al operador para crear estad\u00edsticas an\u00f3nimas. No est\u00e1n destinados a ser mostrados p\u00fablicamente.<\/p>\n\n\n\n<figure class=\"wp-block-table\"><table class=\"has-fixed-layout\"><thead><tr><th>Nombre de la cookie<\/th><th>Descripci\u00f3n<\/th><th>Emisor<\/th><th>Tiempo de conservaci\u00f3n<\/th><\/tr><\/thead><tbody><tr><td><strong>_clck<\/strong><\/td><td>An\u00e1lisis del comportamiento del usuario mediante Microsoft Clarity (por ejemplo, clics, movimientos del rat\u00f3n, navegaci\u00f3n).<\/td><td>Microsoft Clarity<\/td><td>1 a\u00f1o<\/td><\/tr><tr><td><strong>_clsk<\/strong><\/td><td>An\u00e1lisis del comportamiento del usuario mediante Microsoft Clarity (por ejemplo, clics, movimientos del rat\u00f3n, navegaci\u00f3n).<\/td><td>Microsoft Clarity<\/td><td>24 horas<\/td><\/tr><tr><td><strong>_ga<\/strong><\/td><td>Cookies de Google Analytics. Rastrean el tr\u00e1fico de usuarios y su comportamiento en el sitio web.<\/td><td>Google Analytics<\/td><td>2 a\u00f1os<\/td><\/tr><tr><td><strong>_ga_JR9SBDSG4Y<\/strong><\/td><td>Cookies de Google Analytics. Rastrean el tr\u00e1fico de usuarios y su comportamiento en el sitio web.<\/td><td>Google Analytics<\/td><td>2 a\u00f1os<\/td><\/tr><tr><td><strong>_ga_PSW1MY7HB4<\/strong><\/td><td>Cookies de Google Analytics. Rastrean el tr\u00e1fico de usuarios y su comportamiento en el sitio web.<\/td><td>Google Analytics<\/td><td>2 a\u00f1os<\/td><\/tr><tr><td><strong>_gtmeec<\/strong><\/td><td>Google Tag Manager.<\/td><td>GTM<\/td><td>3 meses<\/td><\/tr><\/tbody><\/table><\/figure>\n\n\n\n<p><strong><em>D. Cookies de marketing<\/em><\/strong><\/p>\n\n\n\n<p>Estas cookies recopilan informaci\u00f3n con fines de marketing y ayudan a orientar mejor las campa\u00f1as publicitarias seg\u00fan las preferencias otorgadas. Tambi\u00e9n almacenan datos sobre el n\u00famero de visitantes que han visto o hecho clic en los anuncios y campa\u00f1as del operador, para que este pueda optimizar sus campa\u00f1as publicitarias seg\u00fan sea necesario.<\/p>\n\n\n\n<p><strong>Alcance de las cookies de marketing procesadas:<\/strong> identificador \u00fanico; informaci\u00f3n necesaria para publicidad personalizada.<\/p>\n\n\n\n<figure class=\"wp-block-table\"><table class=\"has-fixed-layout\"><thead><tr><th>Nombre de la cookie<\/th><th>Descripci\u00f3n<\/th><th>Emisor<\/th><th>Tiempo de conservaci\u00f3n<\/th><\/tr><\/thead><tbody><tr><td><strong>FPAU<\/strong><\/td><td>Identifican a un usuario o dispositivo espec\u00edfico.<\/td><td>Google Ads<\/td><td>3 meses<\/td><\/tr><tr><td><strong>FPGSID<\/strong><\/td><td>Identifican a un usuario o dispositivo espec\u00edfico.<\/td><td>Google Ads<\/td><td>30 minutos<\/td><\/tr><tr><td><strong>FPID<\/strong><\/td><td>Identifican a un usuario o dispositivo espec\u00edfico.<\/td><td>Google Ads<\/td><td>2 a\u00f1os<\/td><\/tr><tr><td><strong>FPLC<\/strong><\/td><td>Identifican a un usuario o dispositivo espec\u00edfico.<\/td><td>Google Ads<\/td><td>20 horas<\/td><\/tr><tr><td><strong>_fbp<\/strong><\/td><td>Cookie de Facebook Pixel.<\/td><td>Facebook<\/td><td>3 meses<\/td><\/tr><\/tbody><\/table><\/figure>\n\n\n\n<h3 class=\"wp-block-heading\">Identificaci\u00f3n de los interesados en el tratamiento de cookies:<\/h3>\n\n\n\n<p>Las personas cuyos datos personales se procesan en forma de cookies son los usuarios que navegan por las p\u00e1ginas web del responsable del tratamiento.<\/p>\n\n\n\n<h3 class=\"wp-block-heading\">Identificaci\u00f3n de los destinatarios, categor\u00edas de destinatarios:<\/h3>\n\n\n\n<p>El responsable del tratamiento puede proporcionar datos personales a entidades autorizadas, como instituciones y organizaciones cuyo tratamiento est\u00e1 permitido por una normativa legal espec\u00edfica, o a socios contractuales (especialmente encargados del tratamiento), que se han comprometido contractualmente a adoptar garant\u00edas adecuadas para proteger los datos personales tratados, concretamente:<\/p>\n\n\n\n<ul class=\"wp-block-list\">\n<li><strong>Google Ireland Limited<\/strong>, Gordon House, Barrow Street, Dubl\u00edn 4, Irlanda (para los servicios Google Analytics, Google Ads, Google Consent Mode).<\/li>\n\n\n\n<li><strong>Microsoft Ireland Operations Limited<\/strong>, One Microsoft Place, South County Business Park, Leopardstown, Dubl\u00edn 18, Irlanda (para el servicio Microsoft Clarity).<\/li>\n\n\n\n<li><strong>Meta Platforms Ireland Limited<\/strong>, 4 Grand Canal Square, Grand Canal Harbour, Dubl\u00edn 2, Irlanda (para el servicio Facebook Pixel).<\/li>\n<\/ul>\n\n\n\n<p>Con su consentimiento o por instrucci\u00f3n suya, el responsable del tratamiento puede proporcionar datos personales a otros destinatarios.<\/p>\n\n\n\n<h3 class=\"wp-block-heading\">Transferencia de cookies a terceros pa\u00edses \/ organizaciones internacionales:<\/h3>\n\n\n\n<p>La transferencia de datos personales procedentes de cookies puede realizarse a terceros pa\u00edses, como Estados Unidos, en relaci\u00f3n con el uso de servicios de Google LLC, 1600 Amphitheatre Parkway, Mountain View, CA 94043, EE. UU, Microsoft Corporation, One Microsoft Way, Redmond, WA 98052, EE. UU, Meta Platforms, Inc., 1 Meta Way, Menlo Park, CA 94025, EE. UU.<\/p>\n\n\n\n<h3 class=\"wp-block-heading\">Identificaci\u00f3n de la fuente de la que provienen las cookies:<\/h3>\n\n\n\n<p>Directamente del interesado (mediante la expresi\u00f3n del consentimiento al visitar el sitio web).<\/p>\n\n\n\n<h3 class=\"wp-block-heading\"><strong>Plazo de conservaci\u00f3n<\/strong>:<\/h3>\n\n\n\n<p>El responsable del tratamiento procesa los datos personales procedentes de cookies por un per\u00edodo m\u00e1ximo de 24 meses desde la concesi\u00f3n del consentimiento. El per\u00edodo de tratamiento puede variar seg\u00fan el tipo de cookies, como se indica en las tablas anteriores.<\/p>\n\n\n\n<h3 class=\"wp-block-heading\">Elaboraci\u00f3n de perfiles:<\/h3>\n\n\n\n<p>Con base en su consentimiento para el uso de cookies de marketing, el responsable del tratamiento puede utilizar herramientas que procesan datos (como informaci\u00f3n sobre su actividad en el sitio web) para crear perfiles de usuario. El objetivo de esta elaboraci\u00f3n de perfiles es orientar mejor las campa\u00f1as publicitarias y mostrarle contenido y ofertas relevantes. Este tratamiento no constituye una toma de decisiones individuales automatizada con efectos jur\u00eddicos o similares significativos sobre usted.<\/p>\n\n\n\n<h3 class=\"wp-block-heading\">Obligaci\u00f3n de proporcionar datos personales en forma de cookies:<\/h3>\n\n\n\n<p>El visitante del sitio web, como interesado, proporciona sus datos personales de forma voluntaria, sobre la base del consentimiento (no se trata de un requisito legal o contractual). En caso de no proporcionarlos, el responsable del tratamiento no procesar\u00e1 ning\u00fan tipo de cookies para garantizar la prestaci\u00f3n, mejora y desarrollo de nuevos servicios, salvo las cookies estrictamente necesarias.<\/p>\n\n\n\n<h2 class=\"wp-block-heading\">2. Gesti\u00f3n de sus preferencias de cookies<\/h2>\n\n\n\n<h3 class=\"wp-block-heading\">Evitar el uso de cookies en este sitio web:<\/h3>\n\n\n\n<p>Por defecto, el responsable del tratamiento NO rastrea la experiencia de los visitantes de este sitio web. El interesado puede decidir otorgar su consentimiento para el tratamiento de cualquier dato personal recopilado durante la navegaci\u00f3n. Tambi\u00e9n puede desactivar el tratamiento de cualquier tipo de cookies directamente en su navegador web.<\/p>\n\n\n\n<h3 class=\"wp-block-heading\">Desactivaci\u00f3n y bloqueo del uso de cookies:<\/h3>\n\n\n\n<p>El interesado puede en cualquier momento limitar, bloquear o eliminar el uso de cookies en este sitio web modificando la configuraci\u00f3n de su navegador a trav\u00e9s de los siguientes enlaces:<\/p>\n\n\n\n<ul class=\"wp-block-list\">\n<li><a href=\"https:\/\/support.mozilla.org\/en-US\/kb\/how-do-i-turn-do-not-track-feature\" target=\"_blank\" rel=\"noopener nofollow\" title=\"\">Firefox<\/a><\/li>\n\n\n\n<li><a href=\"https:\/\/support.microsoft.com\/en-us\/help\/17288\/windows-internet-explorer-11-use-do-not-track\" target=\"_blank\" rel=\"noopener nofollow\" title=\"\">Internet Explorer<\/a><\/li>\n\n\n\n<li><a href=\"https:\/\/support.google.com\/chrome\/answer\/114836?hl=en&amp;ref_topic=3421433\" target=\"_blank\" rel=\"noopener nofollow\" title=\"\">Chrome<\/a><\/li>\n\n\n\n<li><a href=\"http:\/\/help.apple.com\/safari\/mac\/9.0\/#\/sfri40732\" target=\"_blank\" rel=\"noopener nofollow\" title=\"\">Safari<\/a><\/li>\n\n\n\n<li><a href=\"https:\/\/help.opera.com\/en\/opera36\/be-safe-and-private\/#:~:text=Go%20to%20Settings%20(Preferences%20on%20Mac).%20Click,Track'%20request%20with%20your%20browsing%20traffic%20checkbox.\" target=\"_blank\" rel=\"noopener nofollow\" title=\"\">Opera<\/a><\/li>\n\n\n\n<li><a href=\"https:\/\/support.microsoft.com\/en-us\/microsoft-edge\/learn-about-tracking-prevention-in-microsoft-edge-5ac125e8-9b90-8d59-fa2c-7f2e9a44d869\" target=\"_blank\" rel=\"noopener nofollow\" title=\"\">Microsoft Edge<\/a><\/li>\n<\/ul>\n\n\n\n<p>Si el interesado desactiva todas las cookies, se mostrar\u00e1 el banner de cookies en cada visita a este sitio web. El interesado, como visitante de este sitio web, tiene en cualquier momento la posibilidad de cambiar su decisi\u00f3n respecto a la concesi\u00f3n o no del consentimiento para el tratamiento de cookies.<\/p>\n\n\n\n<h2 class=\"wp-block-heading\">3. Derechos del interesado<\/h2>\n\n\n\n<p>El visitante del sitio web, como interesado, tiene derecho, conforme al Reglamento, a solicitar al responsable del tratamiento el acceso a los datos personales que se procesan sobre \u00e9l, el derecho a rectificar los datos personales, el derecho a su supresi\u00f3n o a limitar su tratamiento, el derecho a oponerse al tratamiento de los datos personales, el derecho a no ser objeto de decisiones individuales automatizadas, incluida la elaboraci\u00f3n de perfiles, el derecho a la portabilidad de los datos personales, as\u00ed como el derecho a presentar una reclamaci\u00f3n ante la autoridad de control.<\/p>\n\n\n\n<p>En caso de que el responsable del tratamiento procese datos personales sobre la base del consentimiento del interesado, este tiene derecho a retirar su consentimiento en cualquier momento. La retirada del consentimiento no afecta a la legalidad del tratamiento basado en el consentimiento antes de su retirada.<\/p>\n\n\n\n<p>El interesado puede ejercer sus derechos enviando un correo electr\u00f3nico a gdpr.sk@msg.group o por escrito a la direcci\u00f3n del responsable del tratamiento: msg life Slovakia s. r. o., Hrani\u010dn\u00e1 18, 821 05 Bratislava.<\/p>\n\n\n\n<p><\/p>\n","protected":false},"excerpt":{"rendered":"<p>Pol\u00edtica de uso de cookies Qu\u00e9 son las cookies: Una cookie es un peque\u00f1o archivo [&hellip;]<\/p>\n","protected":false},"author":1,"featured_media":0,"parent":0,"menu_order":0,"comment_status":"closed","ping_status":"closed","template":"","meta":{"_acf_changed":false,"footnotes":""},"class_list":["post-1764","page","type-page","status-publish","hentry"],"acf":[],"aioseo_notices":[],"_links":{"self":[{"href":"https:\/\/ittester.sk\/es\/wp-json\/wp\/v2\/pages\/1764","targetHints":{"allow":["GET"]}}],"collection":[{"href":"https:\/\/ittester.sk\/es\/wp-json\/wp\/v2\/pages"}],"about":[{"href":"https:\/\/ittester.sk\/es\/wp-json\/wp\/v2\/types\/page"}],"author":[{"embeddable":true,"href":"https:\/\/ittester.sk\/es\/wp-json\/wp\/v2\/users\/1"}],"replies":[{"embeddable":true,"href":"https:\/\/ittester.sk\/es\/wp-json\/wp\/v2\/comments?post=1764"}],"version-history":[{"count":12,"href":"https:\/\/ittester.sk\/es\/wp-json\/wp\/v2\/pages\/1764\/revisions"}],"predecessor-version":[{"id":4285,"href":"https:\/\/ittester.sk\/es\/wp-json\/wp\/v2\/pages\/1764\/revisions\/4285"}],"wp:attachment":[{"href":"https:\/\/ittester.sk\/es\/wp-json\/wp\/v2\/media?parent=1764"}],"curies":[{"name":"wp","href":"https:\/\/api.w.org\/{rel}","templated":true}]}}