{"id":1762,"date":"2023-09-19T13:23:20","date_gmt":"2023-09-19T11:23:20","guid":{"rendered":"https:\/\/ittester.sk\/impressum\/"},"modified":"2026-03-19T11:31:31","modified_gmt":"2026-03-19T10:31:31","slug":"impressum","status":"publish","type":"page","link":"https:\/\/ittester.sk\/es\/impressum\/","title":{"rendered":"Impresionante"},"content":{"rendered":"\n<h1 class=\"wp-block-heading\">Informaci\u00f3n legal<\/h1>\n\n\n\n<p><strong>Sede de la empresa:<br><\/strong>msg life Slovakia s.r.o.<br>Hrani\u010dn\u00e1 18<br>821 05 Bratislava<br>Rep\u00fablica Eslovaca<\/p>\n\n\n\n<p><strong>Sucursal Ko\u0161ice:<br><\/strong>msg life Slovakia s.r.o.<br>Werferova 1<br>040 11 Ko\u0161ice<br>Rep\u00fablica Eslovaca<\/p>\n\n\n\n<p><strong>Sucursal \u017dilina:<br><\/strong>msg life Slovakia s.r.o.<br>edificio Europalace<br>Vysoko\u0161kol\u00e1kov 8556\/33B<br>010 08 \u017dilina<br>Rep\u00fablica Eslovaca<\/p>\n\n\n\n<p><strong>Datos de contacto:<\/strong><br>Tel\u00e9fono: +421 2 322 21 270<br>Correo electr\u00f3nico: <a href=\"mailto:info.sk@msg.group\">info.sk@msg.group<\/a><br>Sitio web: <a href=\"https:\/\/www.msg-life.sk\" target=\"_blank\" rel=\"noopener\" title=\"\">www.msg-life.sk<\/a><br> <a href=\"http:\/\/www.msg-insurance-suite.com\" target=\"_blank\" rel=\"noopener nofollow\" title=\"\">www.msg-insurance-suite.com<\/a><br> <a href=\"http:\/\/www.msg.group\/en\" target=\"_blank\" rel=\"noopener nofollow\" title=\"\">www.msg.group\/en<\/a><\/p>\n\n\n\n<p><strong>Datos de facturaci\u00f3n:<\/strong><br>N\u00famero de identificaci\u00f3n de empresa: 35 800 780<br>N\u00famero de identificaci\u00f3n fiscal: 2020223755<br>N\u00famero de IVA: SK2020223755<br>Banco: Unicredit Bank Czech Republic and Slovakia, a.s., \u0160ancov\u00e1 1\/A, 813 33 Bratislava<br>IBAN: SK30 1111 0000 0010 0951 0001<br>BIC: UNCRSKBX<\/p>\n\n\n\n<p>La empresa est\u00e1 registrada en el Registro Mercantil del Tribunal Municipal de Bratislava III, secci\u00f3n Sro, n\u00famero de entrada 22942\/B. <\/p>\n\n\n\n<p>Representada por los gerentes, el Sr. Milan Patassy y el Sr. Michal Zachar.<\/p>\n\n\n\n<p>Extracto del Registro Mercantil: <a href=\"https:\/\/www.orsr.sk\/vypis.asp?ID=30404&amp;SID=2&amp;P=0\" target=\"_blank\" rel=\"noopener nofollow\" title=\"\">https:\/\/www.orsr.sk\/vypis.asp?ID=30404&amp;SID=2&amp;P=0<\/a><\/p>\n\n\n\n<h2 class=\"wp-block-heading\">Derechos de autor<\/h2>\n\n\n\n<p>\u00a9 2026 msg life Slovakia<\/p>\n\n\n\n<p>Todos los derechos reservados. Todo el contenido en las p\u00e1ginas de msg life Slovakia s.r.o., incluyendo im\u00e1genes y dise\u00f1o, est\u00e1 protegido por derechos de autor. La copia de informaci\u00f3n, datos, im\u00e1genes, etc., y especialmente el uso comercial de textos, partes de textos o im\u00e1genes no est\u00e1 permitida sin el consentimiento previo por escrito de msg life Slovakia s.r.o. El contenido de las p\u00e1ginas de msg life Slovakia s.r.o., incluyendo marcos, enlaces directos, etc., no debe ser modificado ni ampliado.<\/p>\n\n\n\n<h2 class=\"wp-block-heading\">Renuncia de responsabilidad y garant\u00eda<\/h2>\n\n\n\n<p>msg life Slovakia s.r.o. revisa cuidadosamente la informaci\u00f3n publicada en internet y la actualiza continuamente. Sin embargo, no se puede garantizar la total ausencia de errores en todo el contenido. Por esta raz\u00f3n, msg life Slovakia s.r.o. no asume ninguna responsabilidad ni ofrece garant\u00edas sobre la integridad, exactitud y actualidad de los datos e informaci\u00f3n publicados. msg life Slovakia s.r.o. no asume ninguna responsabilidad ni ofrece garant\u00edas sobre declaraciones relativas al desarrollo futuro, ya que se basan en creencias y estimaciones de la direcci\u00f3n de msg life Slovakia s.r.o. y, como tales, conllevan riesgos e incertidumbres.<\/p>\n\n\n\n<p>La renuncia de responsabilidad y garant\u00eda tambi\u00e9n se aplica a todos los enlaces web que se encuentren directa o indirectamente en las p\u00e1ginas de msg life Slovakia s.r.o. msg life Slovakia s.r.o. no se responsabiliza del contenido de estos sitios web.<\/p>\n\n\n\n<p>msg life Slovakia s.r.o. se reserva el derecho de modificar y complementar la informaci\u00f3n publicada sin previo aviso.<\/p>\n\n\n\n<h2 class=\"wp-block-heading\">Aviso<\/h2>\n\n\n\n<p>En todos los casos en los que se ha utilizado el g\u00e9nero masculino como forma gramatical universal, se ha hecho exclusivamente para facilitar la lectura del texto. Siempre se hace referencia a personas de ambos sexos.<\/p>\n","protected":false},"excerpt":{"rendered":"<p>Informaci\u00f3n legal Sede de la empresa:msg life Slovakia s.r.o.Hrani\u010dn\u00e1 18821 05 BratislavaRep\u00fablica Eslovaca Sucursal Ko\u0161ice:msg [&hellip;]<\/p>\n","protected":false},"author":1,"featured_media":0,"parent":0,"menu_order":0,"comment_status":"closed","ping_status":"closed","template":"","meta":{"_acf_changed":false,"footnotes":""},"class_list":["post-1762","page","type-page","status-publish","hentry"],"acf":[],"aioseo_notices":[],"_links":{"self":[{"href":"https:\/\/ittester.sk\/es\/wp-json\/wp\/v2\/pages\/1762","targetHints":{"allow":["GET"]}}],"collection":[{"href":"https:\/\/ittester.sk\/es\/wp-json\/wp\/v2\/pages"}],"about":[{"href":"https:\/\/ittester.sk\/es\/wp-json\/wp\/v2\/types\/page"}],"author":[{"embeddable":true,"href":"https:\/\/ittester.sk\/es\/wp-json\/wp\/v2\/users\/1"}],"replies":[{"embeddable":true,"href":"https:\/\/ittester.sk\/es\/wp-json\/wp\/v2\/comments?post=1762"}],"version-history":[{"count":7,"href":"https:\/\/ittester.sk\/es\/wp-json\/wp\/v2\/pages\/1762\/revisions"}],"predecessor-version":[{"id":4312,"href":"https:\/\/ittester.sk\/es\/wp-json\/wp\/v2\/pages\/1762\/revisions\/4312"}],"wp:attachment":[{"href":"https:\/\/ittester.sk\/es\/wp-json\/wp\/v2\/media?parent=1762"}],"curies":[{"name":"wp","href":"https:\/\/api.w.org\/{rel}","templated":true}]}}