{"id":1759,"date":"2022-12-09T10:53:39","date_gmt":"2022-12-09T09:53:39","guid":{"rendered":"https:\/\/ittester.sk\/pruebas-de-software\/"},"modified":"2022-12-09T10:53:39","modified_gmt":"2022-12-09T09:53:39","slug":"pruebas-de-software","status":"publish","type":"page","link":"https:\/\/ittester.sk\/es\/","title":{"rendered":"Pruebas de software"},"content":{"rendered":"<p>\u00bfQuieres aprender a probar software pero no sabes c\u00f3mo empezar? ITtester.sk te guiar\u00e1 a trav\u00e9s de todo lo que necesitas saber en tu camino para convertirte en probador de software inform\u00e1tico.<\/p>\n<p>Ittester.sk ofrece material educativo gratuito sobre diversas \u00e1reas de las pruebas, desde pruebas manuales, automatizadas y de rendimiento hasta preparaci\u00f3n para entrevistas de trabajo.<\/p>\n<p>Tambi\u00e9n hemos preparado un tutorial detallado sobre el tutorial Selenium, una herramienta para la automatizaci\u00f3n de pruebas y las pruebas de rendimiento.<\/p>\n","protected":false},"excerpt":{"rendered":"<p>\u00bfQuieres aprender a probar software pero no sabes c\u00f3mo empezar? ITtester.sk te guiar\u00e1 a trav\u00e9s [&hellip;]<\/p>\n","protected":false},"author":1,"featured_media":0,"parent":0,"menu_order":0,"comment_status":"closed","ping_status":"closed","template":"templates\/home.php","meta":{"_acf_changed":false,"footnotes":""},"class_list":["post-1759","page","type-page","status-publish","hentry"],"acf":[],"aioseo_notices":[],"_links":{"self":[{"href":"https:\/\/ittester.sk\/es\/wp-json\/wp\/v2\/pages\/1759","targetHints":{"allow":["GET"]}}],"collection":[{"href":"https:\/\/ittester.sk\/es\/wp-json\/wp\/v2\/pages"}],"about":[{"href":"https:\/\/ittester.sk\/es\/wp-json\/wp\/v2\/types\/page"}],"author":[{"embeddable":true,"href":"https:\/\/ittester.sk\/es\/wp-json\/wp\/v2\/users\/1"}],"replies":[{"embeddable":true,"href":"https:\/\/ittester.sk\/es\/wp-json\/wp\/v2\/comments?post=1759"}],"version-history":[{"count":0,"href":"https:\/\/ittester.sk\/es\/wp-json\/wp\/v2\/pages\/1759\/revisions"}],"wp:attachment":[{"href":"https:\/\/ittester.sk\/es\/wp-json\/wp\/v2\/media?parent=1759"}],"curies":[{"name":"wp","href":"https:\/\/api.w.org\/{rel}","templated":true}]}}