{"id":418,"date":"2022-12-07T10:10:08","date_gmt":"2022-12-07T09:10:08","guid":{"rendered":"https:\/\/ittester.sk\/datenschutzbestimmungen\/"},"modified":"2026-02-10T18:09:14","modified_gmt":"2026-02-10T17:09:14","slug":"datenschutzerklarung","status":"publish","type":"page","link":"https:\/\/ittester.sk\/de\/datenschutzerklarung\/","title":{"rendered":"Datenschutzrichtlinie\u00a0der msg life Slovakia s.r.o."},"content":{"rendered":"<p class=\"p1\">Vielen Dank f\u00fcr Ihren Besuch auf dieser Website und Ihr Interesse an der msg life Slovakia s.r.o. Der Schutz Ihrer personenbezogenen Daten ist uns ebenso wichtig wie die Bereitstellung bestm\u00f6glicher umfassender Dienstleistungen f\u00fcr unsere Kunden.<\/p>\n<p class=\"p1\">Die Domain <a href=\"http:\/\/www.ittester.sk\/de\">www.ittester.sk<\/a> geh\u00f6rt der msg life Slovakia s.r.o., einer Tochtergesellschaft der msg life central europe gmbh, die wiederum im Besitz der msg life ag ist (nachfolgend \u201emsg life\u201c genannt). Diese Datenschutzrichtlinie beschreibt im Detail, welche Aktivit\u00e4ten msg life w\u00e4hrend Ihres Besuchs auf der Website durchf\u00fchrt, welche Informationen msg life gem\u00e4\u00df den geltenden Datenschutzgesetzen erheben darf und in welcher Form diese verarbeitet werden.<\/p>\n<p class=\"p1\">Ihre personenbezogenen Daten werden gem\u00e4\u00df der Verordnung (EU) 2016\/679 des Europ\u00e4ischen Parlaments und des Rates zum Schutz nat\u00fcrlicher Personen bei der Verarbeitung personenbezogener Daten und zum freien Datenverkehr (nachfolgend \u201eDSGVO\u201c) sowie dem slowakischen Gesetz Nr. 18\/2018 Z.z. \u00fcber den Schutz personenbezogener Daten und \u00fcber die \u00c4nderung und Erg\u00e4nzung einiger Gesetze (nachfolgend \u201eDatenschutzgesetz\u201c) verarbeitet.<\/p>\n<p class=\"p1\">Alle \u00c4nderungen oder Erg\u00e4nzungen dieser Datenschutzrichtlinie werden auf dieser Seite ver\u00f6ffentlicht, um Sie dar\u00fcber zu informieren, welche Daten msg life verarbeitet. Nachfolgend finden Sie die wichtigsten Kategorien von Informationen zum Datenschutz.<\/p>\n","protected":false},"excerpt":{"rendered":"<p>Vielen Dank f\u00fcr Ihren Besuch auf dieser Seite und Ihr Interesse an msg life Slovakia s.r.o. Der Schutz Ihrer pers\u00f6nlichen Daten ist f\u00fcr uns ebenso wichtig wie ein m\u00f6glichst umfassender Service f\u00fcr unsere Kunden.<\/p>\n","protected":false},"author":1,"featured_media":0,"parent":0,"menu_order":0,"comment_status":"closed","ping_status":"open","template":"templates\/gdpr.php","meta":{"_acf_changed":false,"footnotes":""},"class_list":["post-418","page","type-page","status-publish","hentry"],"acf":[],"aioseo_notices":[],"_links":{"self":[{"href":"https:\/\/ittester.sk\/de\/wp-json\/wp\/v2\/pages\/418","targetHints":{"allow":["GET"]}}],"collection":[{"href":"https:\/\/ittester.sk\/de\/wp-json\/wp\/v2\/pages"}],"about":[{"href":"https:\/\/ittester.sk\/de\/wp-json\/wp\/v2\/types\/page"}],"author":[{"embeddable":true,"href":"https:\/\/ittester.sk\/de\/wp-json\/wp\/v2\/users\/1"}],"replies":[{"embeddable":true,"href":"https:\/\/ittester.sk\/de\/wp-json\/wp\/v2\/comments?post=418"}],"version-history":[{"count":18,"href":"https:\/\/ittester.sk\/de\/wp-json\/wp\/v2\/pages\/418\/revisions"}],"predecessor-version":[{"id":4292,"href":"https:\/\/ittester.sk\/de\/wp-json\/wp\/v2\/pages\/418\/revisions\/4292"}],"wp:attachment":[{"href":"https:\/\/ittester.sk\/de\/wp-json\/wp\/v2\/media?parent=418"}],"curies":[{"name":"wp","href":"https:\/\/api.w.org\/{rel}","templated":true}]}}