{"id":324,"date":"2022-12-09T10:53:39","date_gmt":"2022-12-09T09:53:39","guid":{"rendered":"https:\/\/ittester.sk\/software-tests\/"},"modified":"2023-10-13T12:45:12","modified_gmt":"2023-10-13T10:45:12","slug":"software-tests","status":"publish","type":"page","link":"https:\/\/ittester.sk\/de\/","title":{"rendered":"Software-Testen"},"content":{"rendered":"<p>Sie m\u00f6chten lernen, wie man Software testet, wissen aber nicht, wie Sie damit anfangen sollen? ITtester.sk f\u00fchrt Sie durch alles, was Sie auf Ihrem Weg zum IT-Software-Tester wissen m\u00fcssen.<\/p>\n<p>Ittester.sk bietet kostenloses Schulungsmaterial zu verschiedenen Bereichen des Testens, von manuellen, automatisierten und Leistungstests bis hin zur Vorbereitung auf Vorstellungsgespr\u00e4che.<\/p>\n<p>Wir haben auch ein ausf\u00fchrliches Tutorial zum Selenium-Tutorial, einem Tool f\u00fcr Testautomatisierung und Leistungstests, vorbereitet.<\/p>\n","protected":false},"excerpt":{"rendered":"<p>Sie m\u00f6chten lernen, wie man Software testet, wissen aber nicht, wie Sie damit anfangen sollen? [&hellip;]<\/p>\n","protected":false},"author":1,"featured_media":0,"parent":0,"menu_order":0,"comment_status":"closed","ping_status":"closed","template":"templates\/home.php","meta":{"_acf_changed":false,"footnotes":""},"class_list":["post-324","page","type-page","status-publish","hentry"],"acf":[],"aioseo_notices":[],"_links":{"self":[{"href":"https:\/\/ittester.sk\/de\/wp-json\/wp\/v2\/pages\/324","targetHints":{"allow":["GET"]}}],"collection":[{"href":"https:\/\/ittester.sk\/de\/wp-json\/wp\/v2\/pages"}],"about":[{"href":"https:\/\/ittester.sk\/de\/wp-json\/wp\/v2\/types\/page"}],"author":[{"embeddable":true,"href":"https:\/\/ittester.sk\/de\/wp-json\/wp\/v2\/users\/1"}],"replies":[{"embeddable":true,"href":"https:\/\/ittester.sk\/de\/wp-json\/wp\/v2\/comments?post=324"}],"version-history":[{"count":3,"href":"https:\/\/ittester.sk\/de\/wp-json\/wp\/v2\/pages\/324\/revisions"}],"predecessor-version":[{"id":517,"href":"https:\/\/ittester.sk\/de\/wp-json\/wp\/v2\/pages\/324\/revisions\/517"}],"wp:attachment":[{"href":"https:\/\/ittester.sk\/de\/wp-json\/wp\/v2\/media?parent=324"}],"curies":[{"name":"wp","href":"https:\/\/api.w.org\/{rel}","templated":true}]}}